{"id":95,"date":"2026-04-07T23:07:31","date_gmt":"2026-04-07T16:07:31","guid":{"rendered":"https:\/\/studiatibiblia.ro\/?page_id=95"},"modified":"2026-04-14T01:08:56","modified_gmt":"2026-04-13T18:08:56","slug":"studii-din-vt","status":"publish","type":"page","link":"https:\/\/studiatibiblia.ro\/?page_id=95","title":{"rendered":"Studii din VT"},"content":{"rendered":"\n<div class=\"bible-instructions\">\nAceast\u0103 pagin\u0103 con\u021bine primele cinci c\u0103r\u021bi ale Vechiului Testament, prezentate \u00een ordinea \u00een care se reg\u0103sesc \u00een Biblie, fiecare carte fiind \u00eenso\u021bit\u0103 de capitolele sale. Pentru utilizarea paginii, selecta\u021bi cartea dorit\u0103 \u0219i accesa\u021bi un capitol pentru a deschide materialul de studiu corespunz\u0103tor. Navigarea se poate realiza prin derulare pentru identificarea rapid\u0103 a unei c\u0103r\u021bi, iar structura paginii se adapteaz\u0103 automat pentru o vizualizare optim\u0103 pe dispozitivele mobile. Alte c\u0103r\u021bi vor fi ad\u0103ugate \u00een timp.\n<\/div>\n\n\n\n<div class=\"bible-section\">\n  <h2 class=\"bible-header\">Geneza<\/h2>\n\n  <div class=\"bible-intro-links\">\n    <a href=\"\/?page_id=570\">Teologia c\u0103r\u021bii Geneza<\/a> \n    <a href=\"\/?page_id=573\">\u00centroducere la carte Geneza<\/a>\n  <\/div>\n\n  <ul class=\"bible-chapters\">\n    <li><a href=\"\/?page_id=493\">Geneza 1<\/a><\/li>\n    <li><a href=\"\/?page_id=198\">Geneza 2<\/a><\/li>\n    <li><a href=\"\/?page_id=980\">Geneza 3<\/a><\/li>\n    <li><a href=\"\/?page_id=982\">Geneza 4<\/a><\/li>\n    <li><a href=\"\/?page_id=198\">Geneza 5<\/a><\/li>\n    <li><a href=\"\/?page_id=198\">Geneza 6<\/a><\/li>\n    <li><a href=\"\/?page_id=198\">Geneza 7<\/a><\/li>\n    <li><a href=\"\/?page_id=198\">Geneza 8<\/a><\/li>\n    <li><a href=\"\/?page_id=198\">Geneza 9<\/a><\/li>\n    <li><a href=\"\/?page_id=198\">Geneza 10<\/a><\/li>\n    <li><a href=\"\/?page_id=198\">Geneza 11<\/a><\/li>\n    <li><a href=\"\/?page_id=198\">Geneza 12<\/a><\/li>\n    <li><a href=\"\/?page_id=198\">Geneza 13<\/a><\/li>\n    <li><a href=\"\/?page_id=198\">Geneza 14<\/a><\/li>\n    <li><a href=\"\/?page_id=198\">Geneza 15<\/a><\/li>\n    <li><a href=\"\/?page_id=198\">Geneza 16<\/a><\/li>\n    <li><a href=\"\/?page_id=198\">Geneza 17<\/a><\/li>\n    <li><a href=\"\/?page_id=198\">Geneza 18<\/a><\/li>\n    <li><a href=\"\/?page_id=198\">Geneza 19<\/a><\/li>\n    <li><a href=\"\/?page_id=198\">Geneza 20<\/a><\/li>\n    <li><a href=\"\/?page_id=198\">Geneza 21<\/a><\/li>\n    <li><a href=\"\/?page_id=198\">Geneza 22<\/a><\/li>\n    <li><a href=\"\/?page_id=198\">Geneza 23<\/a><\/li>\n    <li><a href=\"\/?page_id=198\">Geneza 24<\/a><\/li>\n    <li><a href=\"\/?page_id=198\">Geneza 25<\/a><\/li>\n    <li><a href=\"\/?page_id=198\">Geneza 26<\/a><\/li>\n    <li><a href=\"\/?page_id=198\">Geneza 27<\/a><\/li>\n    <li><a href=\"\/?page_id=198\">Geneza 28<\/a><\/li>\n    <li><a href=\"\/?page_id=198\">Geneza 29<\/a><\/li>\n    <li><a href=\"\/?page_id=198\">Geneza 30<\/a><\/li>\n    <li><a href=\"\/?page_id=198\">Geneza 31<\/a><\/li>\n    <li><a href=\"\/?page_id=198\">Geneza 32<\/a><\/li>\n    <li><a href=\"\/?page_id=198\">Geneza 33<\/a><\/li>\n    <li><a href=\"\/?page_id=198\">Geneza 34<\/a><\/li>\n    <li><a href=\"\/?page_id=198\">Geneza 35<\/a><\/li>\n    <li><a href=\"\/?page_id=198\">Geneza 36<\/a><\/li>\n    <li><a href=\"\/?page_id=198\">Geneza 37<\/a><\/li>\n    <li><a href=\"\/?page_id=198\">Geneza 38<\/a><\/li>\n    <li><a href=\"\/?page_id=198\">Geneza 39<\/a><\/li>\n    <li><a href=\"\/?page_id=198\">Geneza 40<\/a><\/li>\n    <li><a href=\"\/?page_id=198\">Geneza 41<\/a><\/li>\n    <li><a href=\"\/?page_id=198\">Geneza 42<\/a><\/li>\n    <li><a href=\"\/?page_id=198\">Geneza 43<\/a><\/li>\n    <li><a href=\"\/?page_id=198\">Geneza 44<\/a><\/li>\n    <li><a href=\"\/?page_id=198\">Geneza 45<\/a><\/li>\n    <li><a href=\"\/?page_id=198\">Geneza 46<\/a><\/li>\n    <li><a href=\"\/?page_id=198\">Geneza 47<\/a><\/li>\n    <li><a href=\"\/?page_id=198\">Geneza 48<\/a><\/li>\n    <li><a href=\"\/?page_id=198\">Geneza 49<\/a><\/li>\n    <li><a href=\"\/?page_id=198\">Geneza 50<\/a><\/li>\n  <\/ul>\n<\/div>\n\n\n\n<div class=\"bible-section\">\n  <h2 class=\"bible-header\">Exodul<\/h2>\n\n  <div class=\"bible-intro-links\">\n    <a href=\"\/?page_id=570\">Teologia c\u0103r\u021bii Exodul<\/a> \n    <a href=\"\/?page_id=573\">\u00centroducere la carte Exodul<\/a>\n  <\/div>\n\n  <ul class=\"bible-chapters\">\n    <li><a href=\"\/?page_id=201\">Exodul 1<\/a><\/li>\n    <li><a href=\"\/?page_id=203\">Exodul 2<\/a><\/li>\n    <li><a href=\"\/?page_id=206\">Exodul 3<\/a><\/li>\n    <li><a href=\"\/?page_id=501\">Exodul 4<\/a><\/li>\n    <li><a href=\"\/?page_id=277\">Exodul 5<\/a><\/li>\n    <li><a href=\"\/?page_id=279\">Exodul 6<\/a><\/li>\n    <li><a href=\"\/?page_id=281\">Exodul 7<\/a><\/li>\n    <li><a href=\"\/?page_id=284\">Exodul 8<\/a><\/li>\n    <li><a href=\"\/?page_id=286\">Exodul 9<\/a><\/li>\n    <li><a href=\"\/?page_id=288\">Exodul 10<\/a><\/li>\n    <li><a href=\"\/?page_id=618\">Exodul 11<\/a><\/li>\n    <li><a href=\"\/?page_id=620\">Exodul 12<\/a><\/li>\n    <li><a href=\"\/?page_id=622\">Exodul 13<\/a><\/li>\n    <li><a href=\"\/?page_id=624\">Exodul 14<\/a><\/li>\n    <li><a href=\"\/?page_id=626\">Exodul 15<\/a><\/li>\n    <li><a href=\"\/?page_id=628\">Exodul 16<\/a><\/li>\n    <li><a href=\"\/?page_id=630\">Exodul 17<\/a><\/li>\n    <li><a href=\"\/?page_id=632\">Exodul 18<\/a><\/li>\n    <li><a href=\"\/?page_id=634\">Exodul 19<\/a><\/li>\n    <li><a href=\"\/?page_id=636\">Exodul 20<\/a><\/li>\n    <li><a href=\"\/?page_id=638\">Exodul 21<\/a><\/li>\n    <li><a href=\"\/?page_id=640\">Exodul 22<\/a><\/li>\n    <li><a href=\"\/?page_id=642\">Exodul 23<\/a><\/li>\n    <li><a href=\"\/?page_id=644\">Exodul 24<\/a><\/li>\n    <li><a href=\"\/?page_id=646\">Exodul 25<\/a><\/li>\n    <li><a href=\"\/?page_id=648\">Exodul 26<\/a><\/li>\n    <li><a href=\"\/?page_id=650\">Exodul 27<\/a><\/li>\n    <li><a href=\"\/?page_id=652\">Exodul 28<\/a><\/li>\n    <li><a href=\"\/?page_id=654\">Exodul 29<\/a><\/li>\n    <li><a href=\"\/?page_id=656\">Exodul 30<\/a><\/li>\n    <li><a href=\"\/?page_id=658\">Exodul 31<\/a><\/li>\n    <li><a href=\"\/?page_id=660\">Exodul 32<\/a><\/li>\n    <li><a href=\"\/?page_id=662\">Exodul 33<\/a><\/li>\n    <li><a href=\"\/?page_id=664\">Exodul 34<\/a><\/li>\n    <li><a href=\"\/?page_id=666\">Exodul 35<\/a><\/li>\n    <li><a href=\"\/?page_id=668\">Exodul 36<\/a><\/li>\n    <li><a href=\"\/?page_id=670\">Exodul 37<\/a><\/li>\n    <li><a href=\"\/?page_id=672\">Exodul 38<\/a><\/li>\n    <li><a href=\"\/?page_id=674\">Exodul 39<\/a><\/li>\n    <li><a href=\"\/?page_id=676\">Exodul 40<\/a><\/li>\n  <\/ul>\n<\/div>\n\n\n\n<div class=\"bible-section\">\n  <h2 class=\"bible-header\">Leviticul<\/h2>\n\n  <div class=\"bible-intro-links\">\n    <a href=\"\/?page_id=737\">Teologia c\u0103r\u021bii Leviticul<\/a> \n    <a href=\"\/?page_id=739\">\u00centroducere la carte Leviticul<\/a>\n  <\/div>\n\n  <ul class=\"bible-chapters\">\n    <li><a href=\"\/?page_id=741\">Leviticul 1<\/a><\/li>\n    <li><a href=\"\/?page_id=743\">Leviticul 2<\/a><\/li>\n    <li><a href=\"\/?page_id=745\">Leviticul 3<\/a><\/li>\n    <li><a href=\"\/?page_id=747\">Leviticul 4<\/a><\/li>\n    <li><a href=\"\/?page_id=749\">Leviticul 5<\/a><\/li>\n    <li><a href=\"\/?page_id=753\">Leviticul 6<\/a><\/li>\n    <li><a href=\"\/?page_id=756\">Leviticul 7<\/a><\/li>\n    <li><a href=\"\/?page_id=759\">Leviticul 8<\/a><\/li>\n    <li><a href=\"\/?page_id=762\">Leviticul 9<\/a><\/li>\n    <li><a href=\"\/?page_id=764\">Leviticul 10<\/a><\/li>\n    <li><a href=\"\/?page_id=766\">Leviticul 11<\/a><\/li>\n    <li><a href=\"\/?page_id=770\">Leviticul 12<\/a><\/li>\n    <li><a href=\"\/?page_id=773\">Leviticul 13<\/a><\/li>\n    <li><a href=\"\/?page_id=775\">Leviticul 14<\/a><\/li>\n    <li><a href=\"\/?page_id=778\">Leviticul 15<\/a><\/li>\n    <li><a href=\"\/?page_id=780\">Leviticul 16<\/a><\/li>\n    <li><a href=\"\/?page_id=782\">Leviticul 17<\/a><\/li>\n    <li><a href=\"\/?page_id=784\">Leviticul 18<\/a><\/li>\n    <li><a href=\"\/?page_id=786\">Leviticul 19<\/a><\/li>\n    <li><a href=\"\/?page_id=789\">Leviticul 20<\/a><\/li>\n    <li><a href=\"\/?page_id=791\">Leviticul 21<\/a><\/li>\n    <li><a href=\"\/?page_id=793\">Leviticul 22<\/a><\/li>\n    <li><a href=\"\/?page_id=795\">Leviticul 23<\/a><\/li>\n    <li><a href=\"\/?page_id=797\">Leviticul 24<\/a><\/li>\n    <li><a href=\"\/?page_id=800\">Leviticul 25<\/a><\/li>\n    <li><a href=\"\/?page_id=803\">Leviticul 26<\/a><\/li>\n    <li><a href=\"\/?page_id=805\">Leviticul 27<\/a><\/li>\n  <\/ul>\n<\/div>\n\n\n\n<div class=\"bible-section\">\n  <h2 class=\"bible-header\">Numeri<\/h2>\n\n  <div class=\"bible-intro-links\">\n    <a href=\"\/?page_id=889\">Teologia c\u0103r\u021bii Numeri<\/a> \n    <a href=\"\/?page_id=891\">\u00centroducere la carte Numeri<\/a>\n  <\/div>\n\n  <ul class=\"bible-chapters\">\n    <li><a href=\"\/?page_id=893\">Numeri 1<\/a><\/li>\n    <li><a href=\"\/?page_id=895\">Numeri 2<\/a><\/li>\n    <li><a href=\"\/?page_id=897\">Numeri 3<\/a><\/li>\n    <li><a href=\"\/?page_id=899\">Numeri 4<\/a><\/li>\n    <li><a href=\"\/?page_id=901\">Numeri 5<\/a><\/li>\n    <li><a href=\"\/?page_id=903\">Numeri 6<\/a><\/li>\n    <li><a href=\"\/?page_id=905\">Numeri 7<\/a><\/li>\n    <li><a href=\"\/?page_id=907\">Numeri 8<\/a><\/li>\n    <li><a href=\"\/?page_id=909\">Numeri 9<\/a><\/li>\n    <li><a href=\"\/?page_id=911\">Numeri 10<\/a><\/li>\n    <li><a href=\"\/?page_id=913\">Numeri 11<\/a><\/li>\n    <li><a href=\"\/?page_id=915\">Numeri 12<\/a><\/li>\n    <li><a href=\"\/?page_id=917\">Numeri 13<\/a><\/li>\n    <li><a href=\"\/?page_id=919\">Numeri 14<\/a><\/li>\n    <li><a href=\"\/?page_id=921\">Numeri 15<\/a><\/li>\n    <li><a href=\"\/?page_id=923\">Numeri 16<\/a><\/li>\n    <li><a href=\"\/?page_id=925\">Numeri 17<\/a><\/li>\n    <li><a href=\"\/?page_id=927\">Numeri 18<\/a><\/li>\n    <li><a href=\"\/?page_id=929\">Numeri 19<\/a><\/li>\n    <li><a href=\"\/?page_id=931\">Numeri 20<\/a><\/li>\n    <li><a href=\"\/?page_id=933\">Numeri 21<\/a><\/li>\n    <li><a href=\"\/?page_id=935\">Numeri 22<\/a><\/li>\n    <li><a href=\"\/?page_id=937\">Numeri 23<\/a><\/li>\n    <li><a href=\"\/?page_id=939\">Numeri 24<\/a><\/li>\n    <li><a href=\"\/?page_id=941\">Numeri 25<\/a><\/li>\n    <li><a href=\"\/?page_id=943\">Numeri 26<\/a><\/li>\n    <li><a href=\"\/?page_id=945\">Numeri 27<\/a><\/li>\n    <li><a href=\"\/?page_id=947\">Numeri 28<\/a><\/li>\n    <li><a href=\"\/?page_id=949\">Numeri 29<\/a><\/li>\n    <li><a href=\"\/?page_id=951\">Numeri 30<\/a><\/li>\n    <li><a href=\"\/?page_id=953\">Numeri 31<\/a><\/li>\n    <li><a href=\"\/?page_id=955\">Numeri 32<\/a><\/li>\n    <li><a href=\"\/?page_id=957\">Numeri 33<\/a><\/li>\n    <li><a href=\"\/?page_id=959\">Numeri 34<\/a><\/li>\n    <li><a href=\"\/?page_id=961\">Numeri 35<\/a><\/li>\n    <li><a href=\"\/?page_id=963\">Numeri 36<\/a><\/li>\n  <\/ul>\n<\/div>\n\n\n\n<div class=\"bible-section\">\n  <h2 class=\"bible-header\">Deuteronomul<\/h2>\n\n  <div class=\"bible-intro-links\">\n    <a href=\"\/?page_id=570\">Teologia c\u0103r\u021bii Deuteronomul<\/a> \n    <a href=\"\/?page_id=573\">\u00centroducere la carte Deuteronomul<\/a>\n  <\/div>\n\n  <ul class=\"bible-chapters\">\n    <li><a href=\"\/?page_id=198\">Deuteronomul 1<\/a><\/li>\n    <li><a href=\"\/?page_id=198\">Deuteronomul 2<\/a><\/li>\n    <li><a href=\"\/?page_id=198\">Deuteronomul 3<\/a><\/li>\n    <li><a href=\"\/?page_id=198\">Deuteronomul 4<\/a><\/li>\n    <li><a href=\"\/?page_id=198\">Deuteronomul 5<\/a><\/li>\n    <li><a href=\"\/?page_id=198\">Deuteronomul 6<\/a><\/li>\n    <li><a href=\"\/?page_id=198\">Deuteronomul 7<\/a><\/li>\n    <li><a href=\"\/?page_id=198\">Deuteronomul 8<\/a><\/li>\n    <li><a href=\"\/?page_id=198\">Deuteronomul 9<\/a><\/li>\n    <li><a href=\"\/?page_id=198\">Deuteronomul 10<\/a><\/li>\n    <li><a href=\"\/?page_id=198\">Deuteronomul 11<\/a><\/li>\n    <li><a href=\"\/?page_id=198\">Deuteronomul 12<\/a><\/li>\n    <li><a href=\"\/?page_id=198\">Deuteronomul 13<\/a><\/li>\n    <li><a href=\"\/?page_id=198\">Deuteronomul 14<\/a><\/li>\n    <li><a href=\"\/?page_id=198\">Deuteronomul 15<\/a><\/li>\n    <li><a href=\"\/?page_id=198\">Deuteronomul 16<\/a><\/li>\n    <li><a href=\"\/?page_id=198\">Deuteronomul 17<\/a><\/li>\n    <li><a href=\"\/?page_id=198\">Deuteronomul 18<\/a><\/li>\n    <li><a href=\"\/?page_id=198\">Deuteronomul 19<\/a><\/li>\n    <li><a href=\"\/?page_id=198\">Deuteronomul 20<\/a><\/li>\n    <li><a href=\"\/?page_id=198\">Deuteronomul 21<\/a><\/li>\n    <li><a href=\"\/?page_id=198\">Deuteronomul 22<\/a><\/li>\n    <li><a href=\"\/?page_id=198\">Deuteronomul 23<\/a><\/li>\n    <li><a href=\"\/?page_id=198\">Deuteronomul 24<\/a><\/li>\n    <li><a href=\"\/?page_id=198\">Deuteronomul 25<\/a><\/li>\n    <li><a href=\"\/?page_id=198\">Deuteronomul 26<\/a><\/li>\n    <li><a href=\"\/?page_id=198\">Deuteronomul 27<\/a><\/li>\n    <li><a href=\"\/?page_id=198\">Deuteronomul 28<\/a><\/li>\n    <li><a href=\"\/?page_id=198\">Deuteronomul 29<\/a><\/li>\n    <li><a href=\"\/?page_id=198\">Deuteronomul 30<\/a><\/li>\n    <li><a href=\"\/?page_id=198\">Deuteronomul 31<\/a><\/li>\n    <li><a href=\"\/?page_id=198\">Deuteronomul 32<\/a><\/li>\n    <li><a href=\"\/?page_id=198\">Deuteronomul 33<\/a><\/li>\n    <li><a href=\"\/?page_id=198\">Deuteronomul 34<\/a><\/li>\n  <\/ul>\n<\/div>\n\n\n\n<p><\/p>\n","protected":false},"excerpt":{"rendered":"<p>Aceast\u0103 pagin\u0103 con\u021bine primele cinci c\u0103r\u021bi ale Vechiului Testament, prezentate \u00een ordinea \u00een care se reg\u0103sesc \u00een Biblie, fiecare carte fiind \u00eenso\u021bit\u0103 de capitolele sale. Pentru utilizarea paginii, selecta\u021bi cartea dorit\u0103 \u0219i accesa\u021bi un capitol pentru a deschide materialul de studiu corespunz\u0103tor. Navigarea se poate realiza prin derulare pentru identificarea rapid\u0103 a unei c\u0103r\u021bi, iar &#8230; <a title=\"Studii din VT\" class=\"read-more\" href=\"https:\/\/studiatibiblia.ro\/?page_id=95\" aria-label=\"Read more about Studii din VT\">Read more<\/a><\/p>\n","protected":false},"author":1,"featured_media":0,"parent":0,"menu_order":0,"comment_status":"closed","ping_status":"closed","template":"","meta":{"footnotes":""},"class_list":["post-95","page","type-page","status-publish"],"_links":{"self":[{"href":"https:\/\/studiatibiblia.ro\/index.php?rest_route=\/wp\/v2\/pages\/95","targetHints":{"allow":["GET"]}}],"collection":[{"href":"https:\/\/studiatibiblia.ro\/index.php?rest_route=\/wp\/v2\/pages"}],"about":[{"href":"https:\/\/studiatibiblia.ro\/index.php?rest_route=\/wp\/v2\/types\/page"}],"author":[{"embeddable":true,"href":"https:\/\/studiatibiblia.ro\/index.php?rest_route=\/wp\/v2\/users\/1"}],"replies":[{"embeddable":true,"href":"https:\/\/studiatibiblia.ro\/index.php?rest_route=%2Fwp%2Fv2%2Fcomments&post=95"}],"version-history":[{"count":45,"href":"https:\/\/studiatibiblia.ro\/index.php?rest_route=\/wp\/v2\/pages\/95\/revisions"}],"predecessor-version":[{"id":984,"href":"https:\/\/studiatibiblia.ro\/index.php?rest_route=\/wp\/v2\/pages\/95\/revisions\/984"}],"wp:attachment":[{"href":"https:\/\/studiatibiblia.ro\/index.php?rest_route=%2Fwp%2Fv2%2Fmedia&parent=95"}],"curies":[{"name":"wp","href":"https:\/\/api.w.org\/{rel}","templated":true}]}}