{"id":46,"date":"2026-04-07T14:39:10","date_gmt":"2026-04-07T14:39:10","guid":{"rendered":"https:\/\/studiatibiblia.ro\/?page_id=46"},"modified":"2026-04-09T00:17:14","modified_gmt":"2026-04-08T17:17:14","slug":"home","status":"publish","type":"page","link":"https:\/\/studiatibiblia.ro\/","title":{"rendered":"Studiati Cuvantul!"},"content":{"rendered":"\n<div class=\"bible-instructions\">\nV\u0103 mul\u021bumim pentru vizitatul la site-ul nostru nou! V\u0103 \u00eenvit\u0103m s\u0103 citi\u021bi studi g\u0103site pe site-ul nostru cu o Biblie deschis\u0103 \u0219i o inim\u0103 deschis\u0103. Singura noastr\u0103 rug\u0103ciune este c\u0103 ve\u021bi ajunge s\u0103 cunoa\u0219te\u021bi Cuv\u00e2ntul mai bine \u0219i s\u0103 fi\u021bi atra\u0219i mai aproape de Dumnezeu. Fie ca Domnul s\u0103 te binecuv\u00e2nteze!\n<\/div>\n\n\n\n<figure class=\"wp-block-image size-full\"><img loading=\"lazy\" decoding=\"async\" width=\"940\" height=\"530\" src=\"https:\/\/studiatibiblia.ro\/wp-content\/uploads\/2026\/04\/Bible_candle.jpg\" alt=\"\" class=\"wp-image-111\"\/><\/figure>\n","protected":false},"excerpt":{"rendered":"<p>V\u0103 mul\u021bumim pentru vizitatul la site-ul nostru nou! V\u0103 \u00eenvit\u0103m s\u0103 citi\u021bi studi g\u0103site pe site-ul nostru cu o Biblie deschis\u0103 \u0219i o inim\u0103 deschis\u0103. Singura noastr\u0103 rug\u0103ciune este c\u0103 ve\u021bi ajunge s\u0103 cunoa\u0219te\u021bi Cuv\u00e2ntul mai bine \u0219i s\u0103 fi\u021bi atra\u0219i mai aproape de Dumnezeu. Fie ca Domnul s\u0103 te binecuv\u00e2nteze!<\/p>\n","protected":false},"author":1,"featured_media":0,"parent":0,"menu_order":0,"comment_status":"closed","ping_status":"closed","template":"","meta":{"footnotes":""},"class_list":["post-46","page","type-page","status-publish"],"_links":{"self":[{"href":"https:\/\/studiatibiblia.ro\/index.php?rest_route=\/wp\/v2\/pages\/46","targetHints":{"allow":["GET"]}}],"collection":[{"href":"https:\/\/studiatibiblia.ro\/index.php?rest_route=\/wp\/v2\/pages"}],"about":[{"href":"https:\/\/studiatibiblia.ro\/index.php?rest_route=\/wp\/v2\/types\/page"}],"author":[{"embeddable":true,"href":"https:\/\/studiatibiblia.ro\/index.php?rest_route=\/wp\/v2\/users\/1"}],"replies":[{"embeddable":true,"href":"https:\/\/studiatibiblia.ro\/index.php?rest_route=%2Fwp%2Fv2%2Fcomments&post=46"}],"version-history":[{"count":8,"href":"https:\/\/studiatibiblia.ro\/index.php?rest_route=\/wp\/v2\/pages\/46\/revisions"}],"predecessor-version":[{"id":259,"href":"https:\/\/studiatibiblia.ro\/index.php?rest_route=\/wp\/v2\/pages\/46\/revisions\/259"}],"wp:attachment":[{"href":"https:\/\/studiatibiblia.ro\/index.php?rest_route=%2Fwp%2Fv2%2Fmedia&parent=46"}],"curies":[{"name":"wp","href":"https:\/\/api.w.org\/{rel}","templated":true}]}}