{"id":101,"date":"2026-04-07T23:09:06","date_gmt":"2026-04-07T16:09:06","guid":{"rendered":"https:\/\/studiatibiblia.ro\/?page_id=101"},"modified":"2026-04-09T00:29:07","modified_gmt":"2026-04-08T17:29:07","slug":"studii-din-nt","status":"publish","type":"page","link":"https:\/\/studiatibiblia.ro\/?page_id=101","title":{"rendered":"Studii din NT"},"content":{"rendered":"\n<div class=\"bible-instructions\">\nAceast\u0103 pagin\u0103 con\u021bine Evangheliile din Noul Testament, prezentate \u00een ordinea \u00een care se reg\u0103sesc \u00een Biblie, fiecare carte fiind \u00eenso\u021bit\u0103 de capitolele sale. Pentru utilizarea paginii, selecta\u021bi cartea dorit\u0103 \u0219i accesa\u021bi un capitol pentru a deschide materialul de studiu corespunz\u0103tor. Navigarea se poate realiza prin derulare pentru identificarea rapid\u0103 a unei c\u0103r\u021bi, iar structura paginii se adapteaz\u0103 automat pentru o vizualizare optim\u0103 pe dispozitivele mobile. Alte c\u0103r\u021bi vor fi ad\u0103ugate \u00een timp.\n<\/div>\n\n\n\n<div class=\"bible-section\">\n  <div class=\"bible-header\">Matei<\/div>\n  <ul class=\"bible-chapters\">\n    <li><a href=\"#\">Matei 1<\/a><\/li>\n    <li><a href=\"#\">Matei 2<\/a><\/li>\n    <li><a href=\"#\">Matei 3<\/a><\/li>\n    <li><a href=\"#\">Matei 4<\/a><\/li>\n    <li><a href=\"#\">Matei 5<\/a><\/li>\n    <li><a href=\"#\">Matei 6<\/a><\/li>\n    <li><a href=\"#\">Matei 7<\/a><\/li>\n    <li><a href=\"#\">Matei 8<\/a><\/li>\n    <li><a href=\"#\">Matei 9<\/a><\/li>\n    <li><a href=\"#\">Matei 10<\/a><\/li>\n    <li><a href=\"#\">Matei 11<\/a><\/li>\n    <li><a href=\"#\">Matei 12<\/a><\/li>\n    <li><a href=\"#\">Matei 13<\/a><\/li>\n    <li><a href=\"#\">Matei 14<\/a><\/li>\n    <li><a href=\"#\">Matei 15<\/a><\/li>\n    <li><a href=\"#\">Matei 16<\/a><\/li>\n    <li><a href=\"#\">Matei 17<\/a><\/li>\n    <li><a href=\"#\">Matei 18<\/a><\/li>\n    <li><a href=\"#\">Matei 19<\/a><\/li>\n    <li><a href=\"#\">Matei 20<\/a><\/li>\n    <li><a href=\"#\">Matei 21<\/a><\/li>\n    <li><a href=\"#\">Matei 22<\/a><\/li>\n    <li><a href=\"#\">Matei 23<\/a><\/li>\n    <li><a href=\"#\">Matei 24<\/a><\/li>\n    <li><a href=\"#\">Matei 25<\/a><\/li>\n    <li><a href=\"#\">Matei 26<\/a><\/li>\n    <li><a href=\"#\">Matei 27<\/a><\/li>\n    <li><a href=\"#\">Matei 28<\/a><\/li>\n  <\/ul>\n<\/div>\n\n\n\n<div class=\"bible-section\">\n  <div class=\"bible-header\">Marcu<\/div>\n  <ul class=\"bible-chapters\">\n    <li><a href=\"#\">Marcu 1<\/a><\/li>\n    <li><a href=\"#\">Marcu 2<\/a><\/li>\n    <li><a href=\"#\">Marcu 3<\/a><\/li>\n    <li><a href=\"#\">Marcu 4<\/a><\/li>\n    <li><a href=\"#\">Marcu 5<\/a><\/li>\n    <li><a href=\"#\">Marcu 6<\/a><\/li>\n    <li><a href=\"#\">Marcu 7<\/a><\/li>\n    <li><a href=\"#\">Marcu 8<\/a><\/li>\n    <li><a href=\"#\">Marcu 9<\/a><\/li>\n    <li><a href=\"#\">Marcu 10<\/a><\/li>\n    <li><a href=\"#\">Marcu 11<\/a><\/li>\n    <li><a href=\"#\">Marcu 12<\/a><\/li>\n    <li><a href=\"#\">Marcu 13<\/a><\/li>\n    <li><a href=\"#\">Marcu 14<\/a><\/li>\n    <li><a href=\"#\">Marcu 15<\/a><\/li>\n    <li><a href=\"#\">Marcu 16<\/a><\/li>\n  <\/ul>\n<\/div>\n\n\n\n<div class=\"bible-section\">\n  <div class=\"bible-header\">Luca<\/div>\n  <ul class=\"bible-chapters\">\n    <li><a href=\"#\">Luca 1<\/a><\/li>\n    <li><a href=\"#\">Luca 2<\/a><\/li>\n    <li><a href=\"#\">Luca 3<\/a><\/li>\n    <li><a href=\"#\">Luca 4<\/a><\/li>\n    <li><a href=\"#\">Luca 5<\/a><\/li>\n    <li><a href=\"#\">Luca 6<\/a><\/li>\n    <li><a href=\"#\">Luca 7<\/a><\/li>\n    <li><a href=\"#\">Luca 8<\/a><\/li>\n    <li><a href=\"#\">Luca 9<\/a><\/li>\n    <li><a href=\"#\">Luca 10<\/a><\/li>\n    <li><a href=\"#\">Luca 11<\/a><\/li>\n    <li><a href=\"#\">Luca 12<\/a><\/li>\n    <li><a href=\"#\">Luca 13<\/a><\/li>\n    <li><a href=\"#\">Luca 14<\/a><\/li>\n    <li><a href=\"#\">Luca 15<\/a><\/li>\n    <li><a href=\"#\">Luca 16<\/a><\/li>\n    <li><a href=\"#\">Luca 17<\/a><\/li>\n    <li><a href=\"#\">Luca 18<\/a><\/li>\n    <li><a href=\"#\">Luca 19<\/a><\/li>\n    <li><a href=\"#\">Luca 20<\/a><\/li>\n    <li><a href=\"#\">Luca 21<\/a><\/li>\n    <li><a href=\"#\">Luca 22<\/a><\/li>\n    <li><a href=\"#\">Luca 23<\/a><\/li>\n    <li><a href=\"#\">Luca 24<\/a><\/li>\n  <\/ul>\n<\/div>\n\n\n\n<div class=\"bible-section\">\n  <div class=\"bible-header\">Ioan<\/div>\n  <ul class=\"bible-chapters\">\n    <li><a href=\"#\">Ioan 1<\/a><\/li>\n    <li><a href=\"#\">Ioan 2<\/a><\/li>\n    <li><a href=\"#\">Ioan 3<\/a><\/li>\n    <li><a href=\"#\">Ioan 4<\/a><\/li>\n    <li><a href=\"#\">Ioan 5<\/a><\/li>\n    <li><a href=\"#\">Ioan 6<\/a><\/li>\n    <li><a href=\"#\">Ioan 7<\/a><\/li>\n    <li><a href=\"#\">Ioan 8<\/a><\/li>\n    <li><a href=\"#\">Ioan 9<\/a><\/li>\n    <li><a href=\"#\">Ioan 10<\/a><\/li>\n    <li><a href=\"#\">Ioan 11<\/a><\/li>\n    <li><a href=\"#\">Ioan 12<\/a><\/li>\n    <li><a href=\"#\">Ioan 13<\/a><\/li>\n    <li><a href=\"#\">Ioan 14<\/a><\/li>\n    <li><a href=\"#\">Ioan 15<\/a><\/li>\n    <li><a href=\"#\">Ioan 16<\/a><\/li>\n    <li><a href=\"#\">Ioan 17<\/a><\/li>\n    <li><a href=\"#\">Ioan 18<\/a><\/li>\n    <li><a href=\"#\">Ioan 19<\/a><\/li>\n    <li><a href=\"#\">Ioan 20<\/a><\/li>\n    <li><a href=\"#\">Ioan 21<\/a><\/li>\n  <\/ul>\n<\/div>\n","protected":false},"excerpt":{"rendered":"<p>Aceast\u0103 pagin\u0103 con\u021bine Evangheliile din Noul Testament, prezentate \u00een ordinea \u00een care se reg\u0103sesc \u00een Biblie, fiecare carte fiind \u00eenso\u021bit\u0103 de capitolele sale. Pentru utilizarea paginii, selecta\u021bi cartea dorit\u0103 \u0219i accesa\u021bi un capitol pentru a deschide materialul de studiu corespunz\u0103tor. Navigarea se poate realiza prin derulare pentru identificarea rapid\u0103 a unei c\u0103r\u021bi, iar structura paginii &#8230; <a title=\"Studii din NT\" class=\"read-more\" href=\"https:\/\/studiatibiblia.ro\/?page_id=101\" aria-label=\"Read more about Studii din NT\">Read more<\/a><\/p>\n","protected":false},"author":1,"featured_media":0,"parent":0,"menu_order":0,"comment_status":"closed","ping_status":"closed","template":"","meta":{"footnotes":""},"class_list":["post-101","page","type-page","status-publish"],"_links":{"self":[{"href":"https:\/\/studiatibiblia.ro\/index.php?rest_route=\/wp\/v2\/pages\/101","targetHints":{"allow":["GET"]}}],"collection":[{"href":"https:\/\/studiatibiblia.ro\/index.php?rest_route=\/wp\/v2\/pages"}],"about":[{"href":"https:\/\/studiatibiblia.ro\/index.php?rest_route=\/wp\/v2\/types\/page"}],"author":[{"embeddable":true,"href":"https:\/\/studiatibiblia.ro\/index.php?rest_route=\/wp\/v2\/users\/1"}],"replies":[{"embeddable":true,"href":"https:\/\/studiatibiblia.ro\/index.php?rest_route=%2Fwp%2Fv2%2Fcomments&post=101"}],"version-history":[{"count":4,"href":"https:\/\/studiatibiblia.ro\/index.php?rest_route=\/wp\/v2\/pages\/101\/revisions"}],"predecessor-version":[{"id":269,"href":"https:\/\/studiatibiblia.ro\/index.php?rest_route=\/wp\/v2\/pages\/101\/revisions\/269"}],"wp:attachment":[{"href":"https:\/\/studiatibiblia.ro\/index.php?rest_route=%2Fwp%2Fv2%2Fmedia&parent=101"}],"curies":[{"name":"wp","href":"https:\/\/api.w.org\/{rel}","templated":true}]}}